{"id":250,"date":"2015-05-04T11:00:21","date_gmt":"2015-05-04T11:00:21","guid":{"rendered":"http:\/\/www.l-a-gestion.fr\/?page_id=250"},"modified":"2018-06-15T10:16:37","modified_gmt":"2018-06-15T10:16:37","slug":"assistance","status":"publish","type":"page","link":"https:\/\/www.l-a-gestion.fr\/?page_id=250","title":{"rendered":"Assistance"},"content":{"rendered":"\t<div class=\"vc_row wpb_row vc_row-fluid\"  >\n\t<div class=\"vc_col-sm-12 wpb_column vc_column_container \">\n\t\t<div class=\"wpb_wrapper\">\n\t\t\t<div class=\"vc_custom_heading\" ><h2 style=\"text-align: left;font-family:Arimo;font-weight:400;font-style:normal\" >Pour lancer l'assistance \u00e0 distance, cliquez sur le bouton t\u00e9l\u00e9charger :<\/h2><\/div>\n\t<div class=\"wpb_text_column wpb_content_element \">\n\t\t<div class=\"wpb_wrapper\">\n\t\t\t<p><!-- TeamViewer Logo (generated at http:\/\/www.teamviewer.com) --><\/p>\n<div style=\"position: relative; width: 200px; height: 125px;\"><a style=\"text-decoration: none;\" href=\"http:\/\/www.teamviewer.com\/link\/?url=505374&amp;id=872593758\"><br \/>\n<img decoding=\"async\" loading=\"lazy\" class=\" aligncenter\" title=\"TeamViewer pour T\u00e9l\u00e9-assistance\" src=\"http:\/\/www.teamviewer.com\/link\/?url=246800&amp;id=872593758\" alt=\"TeamViewer pour T\u00e9l\u00e9-assistance\" width=\"200\" height=\"125\" border=\"0\" \/><br \/>\n<span style=\"position: absolute; top: 74.5px; left: 5px; display: block; cursor: pointer; color: white; font-family: Arial; font-size: 15px; line-height: 1.2em; font-weight: bold; text-align: center; width: 190px;\"><br \/>\nAvec TeamViewer pour T\u00e9l\u00e9-assistance !<br \/>\n<\/span><br \/>\n<\/a><\/div>\n\n\t\t<\/div> \n\t<\/div> <a class=\"wpb_button_a\" title=\"T\u00e9l\u00e9charger\" href=\"http:\/\/www.teamviewer.com\/link\/?url=505374&amp;id=872593758\"><span class=\"wpb_button  wpb_btn-primary wpb_regularsize\">T\u00e9l\u00e9charger<\/span><\/a>\n\n\t\t<\/div> \n\t<\/div> \n<\/div>\n","protected":false},"excerpt":{"rendered":"Pour lancer l'assistance \u00e0 distance, cliquez sur le bouton t\u00e9l\u00e9charger : Avec TeamViewer pour T\u00e9l\u00e9-assistance ! T\u00e9l\u00e9charger","protected":false},"author":1,"featured_media":0,"parent":0,"menu_order":0,"comment_status":"closed","ping_status":"open","template":"","meta":[],"_links":{"self":[{"href":"https:\/\/www.l-a-gestion.fr\/index.php?rest_route=\/wp\/v2\/pages\/250"}],"collection":[{"href":"https:\/\/www.l-a-gestion.fr\/index.php?rest_route=\/wp\/v2\/pages"}],"about":[{"href":"https:\/\/www.l-a-gestion.fr\/index.php?rest_route=\/wp\/v2\/types\/page"}],"author":[{"embeddable":true,"href":"https:\/\/www.l-a-gestion.fr\/index.php?rest_route=\/wp\/v2\/users\/1"}],"replies":[{"embeddable":true,"href":"https:\/\/www.l-a-gestion.fr\/index.php?rest_route=%2Fwp%2Fv2%2Fcomments&post=250"}],"version-history":[{"count":7,"href":"https:\/\/www.l-a-gestion.fr\/index.php?rest_route=\/wp\/v2\/pages\/250\/revisions"}],"predecessor-version":[{"id":257,"href":"https:\/\/www.l-a-gestion.fr\/index.php?rest_route=\/wp\/v2\/pages\/250\/revisions\/257"}],"wp:attachment":[{"href":"https:\/\/www.l-a-gestion.fr\/index.php?rest_route=%2Fwp%2Fv2%2Fmedia&parent=250"}],"curies":[{"name":"wp","href":"https:\/\/api.w.org\/{rel}","templated":true}]}}